{"id":15121,"date":"2023-05-15T17:39:06","date_gmt":"2023-05-15T20:39:06","guid":{"rendered":"https:\/\/metarh.com.br\/metarhnews\/?page_id=15121"},"modified":"2025-06-13T11:00:22","modified_gmt":"2025-06-13T14:00:22","slug":"blog","status":"publish","type":"page","link":"https:\/\/metarh.com.br\/metarhnews\/blog\/","title":{"rendered":"Blog"},"content":{"rendered":"\t\t<div data-elementor-type=\"wp-page\" data-elementor-id=\"15121\" class=\"elementor elementor-15121\">\n\t\t\t\t\t\t<section class=\"elementor-section elementor-top-section elementor-element elementor-element-a6fd20e elementor-section-boxed elementor-section-height-default elementor-section-height-default\" data-id=\"a6fd20e\" data-element_type=\"section\">\n\t\t\t\t\t\t<div class=\"elementor-container elementor-column-gap-default\">\n\t\t\t\t\t<div class=\"elementor-column elementor-col-100 elementor-top-column elementor-element elementor-element-90971a8\" data-id=\"90971a8\" data-element_type=\"column\">\n\t\t\t<div class=\"elementor-widget-wrap elementor-element-populated\">\n\t\t\t\t\t\t<div class=\"elementor-element elementor-element-2eb0be3 premium-blog-align-left elementor-widget elementor-widget-premium-addon-blog\" data-id=\"2eb0be3\" data-element_type=\"widget\" data-settings=\"{&quot;premium_blog_columns_number&quot;:&quot;33.33%&quot;,&quot;premium_blog_grid&quot;:&quot;yes&quot;,&quot;premium_blog_layout&quot;:&quot;even&quot;,&quot;premium_blog_columns_number_tablet&quot;:&quot;50%&quot;,&quot;premium_blog_columns_number_mobile&quot;:&quot;100%&quot;}\" data-widget_type=\"premium-addon-blog.default\">\n\t\t\t\t<div class=\"elementor-widget-container\">\n\t\t\t\t\t\n\t\t\t\t<div class=\"premium-blog-wrap  premium-blog-even\" data-page=\"15121\">\n\t\t\t\t\t<div class=\"premium-blog-post-outer-container\" data-total=\"50\">\r\n\t\t\t<div class=\"premium-blog-post-container premium-blog-skin-classic\">\r\n\t\t\t\t\t\t\t\t\t<div class=\"premium-blog-thumb-effect-wrapper\">\r\n\t\t\t\t\t\t<div class=\"premium-blog-thumbnail-container premium-blog-zoomin-effect\">\r\n\t\t\t\t\t\t\t<img fetchpriority=\"high\" decoding=\"async\" width=\"1060\" height=\"700\" src=\"https:\/\/metarh.com.br\/metarhnews\/wp-content\/uploads\/2026\/04\/Escassez-de-talentos-farmaceuticos.png\" class=\"attachment-full size-full wp-image-17185\" alt=\"\" srcset=\"https:\/\/metarh.com.br\/metarhnews\/wp-content\/uploads\/2026\/04\/Escassez-de-talentos-farmaceuticos.png 1060w, https:\/\/metarh.com.br\/metarhnews\/wp-content\/uploads\/2026\/04\/Escassez-de-talentos-farmaceuticos-300x198.png 300w, https:\/\/metarh.com.br\/metarhnews\/wp-content\/uploads\/2026\/04\/Escassez-de-talentos-farmaceuticos-1024x676.png 1024w, https:\/\/metarh.com.br\/metarhnews\/wp-content\/uploads\/2026\/04\/Escassez-de-talentos-farmaceuticos-768x507.png 768w\" sizes=\"(max-width: 1060px) 100vw, 1060px\" \/>\t\t\t\t\t\t<\/div>\r\n\t\t\t\t\t\t\t\t\t\t\t\t\t<div class=\"premium-blog-thumbnail-overlay\">\r\n\t\t\t\t\t\t\t\t<a class=\"elementor-icon\" href=\"https:\/\/metarh.com.br\/metarhnews\/escassez-talentos-farmaceuticos\/\" target=\"_blank\"><\/a>\r\n\t\t\t\t\t\t\t<\/div>\r\n\r\n\t\t\t\t\t\t\t\t\t\t\t\t\t\t\t\t\t\t<\/div>\r\n\t\t\t\t\t\t\t\t\t\t\t\t<div class=\"premium-blog-content-wrapper \">\r\n\r\n\t\t\t\t\t<div class=\"premium-blog-inner-container\">\r\n\r\n\t\t\t\t\t\t\t\t\t\t\t\t\t\t<h2 class=\"premium-blog-entry-title\">\r\n\t\t\t<a href=\"https:\/\/metarh.com.br\/metarhnews\/escassez-talentos-farmaceuticos\/\" target=\"_blank\">\r\n\t\t\t\tEscassez de talentos farmac\u00eauticos: como estruturar um recrutamento assertivo?\t\t\t<\/a>\r\n\t\t<\/h2>\r\n\t\t\t\t<div class=\"premium-blog-entry-meta\">\r\n\t\t\t\r\n\t\t\t\t\t\t\t<span class=\"premium-blog-meta-separator\">\u2022<\/span>\r\n\t\t\t\t<div class=\"premium-blog-post-time premium-blog-meta-data\">\r\n\t\t\t\t\t<i class=\"fa fa-calendar-alt\" aria-hidden=\"true\"><\/i>\r\n\t\t\t\t\t<span>28 de abril de 2026<\/span>\r\n\t\t\t\t<\/div>\r\n\t\t\t\r\n\t\t\t\t\t\t\t<span class=\"premium-blog-meta-separator\">\u2022<\/span>\r\n\t\t\t\t<div class=\"premium-blog-post-categories premium-blog-meta-data\">\r\n\t\t\t\t\t<i class=\"fa fa-align-left fa-fw\" aria-hidden=\"true\"><\/i>\r\n\t\t\t\t\t<a href=\"https:\/\/metarh.com.br\/metarhnews\/category\/pharma-recruiter\/\" rel=\"category tag\">2 \u2022 Pharma Recruiter<\/a>, <a href=\"https:\/\/metarh.com.br\/metarhnews\/category\/aprendizado-em-rh\/\" rel=\"category tag\">Aprendizado<\/a>, <a href=\"https:\/\/metarh.com.br\/metarhnews\/category\/dicas\/\" rel=\"category tag\">Dicas<\/a>, <a href=\"https:\/\/metarh.com.br\/metarhnews\/category\/materias\/\" rel=\"category tag\">Mat\u00e9rias<\/a>\t\t\t\t<\/div>\r\n\t\t\t\r\n\t\t\t\t\t<\/div>\r\n\t\t\r\n\t\t\t\t\t<\/div>\r\n\r\n\t\t\t\t\t\t\t<div class=\"premium-blog-content-inner-wrapper\">\r\n\t\t<p class=\"premium-blog-post-content\">Se a escassez de talentos farmac\u00eauticos tem afetado a sua opera\u00e7\u00e3o, saiba que essa n\u00e3o \u00e9 uma experi\u00eancia isolada: segundo dados da \u2026<\/p>\t\t<\/div>\r\n\t\t\t\t\t\t\t\r\n\t\t\t\t<\/div>\r\n\t\t\t<\/div>\r\n\t\t<\/div>\r\n\r\n\t\t\t\t<div class=\"premium-blog-post-outer-container\" data-total=\"50\">\r\n\t\t\t<div class=\"premium-blog-post-container premium-blog-skin-classic\">\r\n\t\t\t\t\t\t\t\t\t<div class=\"premium-blog-thumb-effect-wrapper\">\r\n\t\t\t\t\t\t<div class=\"premium-blog-thumbnail-container premium-blog-zoomin-effect\">\r\n\t\t\t\t\t\t\t<img decoding=\"async\" width=\"1060\" height=\"700\" src=\"https:\/\/metarh.com.br\/metarhnews\/wp-content\/uploads\/2026\/04\/Regulamentacao-de-Projetos-Linkedin-e-Blog.jpg\" class=\"attachment-full size-full wp-image-17181\" alt=\"\" srcset=\"https:\/\/metarh.com.br\/metarhnews\/wp-content\/uploads\/2026\/04\/Regulamentacao-de-Projetos-Linkedin-e-Blog.jpg 1060w, https:\/\/metarh.com.br\/metarhnews\/wp-content\/uploads\/2026\/04\/Regulamentacao-de-Projetos-Linkedin-e-Blog-300x198.jpg 300w, https:\/\/metarh.com.br\/metarhnews\/wp-content\/uploads\/2026\/04\/Regulamentacao-de-Projetos-Linkedin-e-Blog-1024x676.jpg 1024w, https:\/\/metarh.com.br\/metarhnews\/wp-content\/uploads\/2026\/04\/Regulamentacao-de-Projetos-Linkedin-e-Blog-768x507.jpg 768w\" sizes=\"(max-width: 1060px) 100vw, 1060px\" \/>\t\t\t\t\t\t<\/div>\r\n\t\t\t\t\t\t\t\t\t\t\t\t\t<div class=\"premium-blog-thumbnail-overlay\">\r\n\t\t\t\t\t\t\t\t<a class=\"elementor-icon\" href=\"https:\/\/metarh.com.br\/metarhnews\/regulamentacao-projetos-temporarios\/\" target=\"_blank\"><\/a>\r\n\t\t\t\t\t\t\t<\/div>\r\n\r\n\t\t\t\t\t\t\t\t\t\t\t\t\t\t\t\t\t\t<\/div>\r\n\t\t\t\t\t\t\t\t\t\t\t\t<div class=\"premium-blog-content-wrapper \">\r\n\r\n\t\t\t\t\t<div class=\"premium-blog-inner-container\">\r\n\r\n\t\t\t\t\t\t\t\t\t\t\t\t\t\t<h2 class=\"premium-blog-entry-title\">\r\n\t\t\t<a href=\"https:\/\/metarh.com.br\/metarhnews\/regulamentacao-projetos-temporarios\/\" target=\"_blank\">\r\n\t\t\t\tRegulamenta\u00e7\u00e3o de projetos tempor\u00e1rios: como reduzir riscos?\t\t\t<\/a>\r\n\t\t<\/h2>\r\n\t\t\t\t<div class=\"premium-blog-entry-meta\">\r\n\t\t\t\r\n\t\t\t\t\t\t\t<span class=\"premium-blog-meta-separator\">\u2022<\/span>\r\n\t\t\t\t<div class=\"premium-blog-post-time premium-blog-meta-data\">\r\n\t\t\t\t\t<i class=\"fa fa-calendar-alt\" aria-hidden=\"true\"><\/i>\r\n\t\t\t\t\t<span>23 de abril de 2026<\/span>\r\n\t\t\t\t<\/div>\r\n\t\t\t\r\n\t\t\t\t\t\t\t<span class=\"premium-blog-meta-separator\">\u2022<\/span>\r\n\t\t\t\t<div class=\"premium-blog-post-categories premium-blog-meta-data\">\r\n\t\t\t\t\t<i class=\"fa fa-align-left fa-fw\" aria-hidden=\"true\"><\/i>\r\n\t\t\t\t\t<a href=\"https:\/\/metarh.com.br\/metarhnews\/category\/staffing\/\" rel=\"category tag\">3 \u2022 Staffing<\/a>, <a href=\"https:\/\/metarh.com.br\/metarhnews\/category\/aprendizado-em-rh\/\" rel=\"category tag\">Aprendizado<\/a>, <a href=\"https:\/\/metarh.com.br\/metarhnews\/category\/dicas\/\" rel=\"category tag\">Dicas<\/a>, <a href=\"https:\/\/metarh.com.br\/metarhnews\/category\/materias\/\" rel=\"category tag\">Mat\u00e9rias<\/a>\t\t\t\t<\/div>\r\n\t\t\t\r\n\t\t\t\t\t<\/div>\r\n\t\t\r\n\t\t\t\t\t<\/div>\r\n\r\n\t\t\t\t\t\t\t<div class=\"premium-blog-content-inner-wrapper\">\r\n\t\t<p class=\"premium-blog-post-content\">Que a legisla\u00e7\u00e3o trabalhista brasileira \u00e9 complexa, voc\u00ea provavelmente j\u00e1 sabe. Mas, quando falamos sobre a regulamenta\u00e7\u00e3o de projetos tempor\u00e1rios, a aten\u00e7\u00e3o \u2026<\/p>\t\t<\/div>\r\n\t\t\t\t\t\t\t\r\n\t\t\t\t<\/div>\r\n\t\t\t<\/div>\r\n\t\t<\/div>\r\n\r\n\t\t\t\t<div class=\"premium-blog-post-outer-container\" data-total=\"50\">\r\n\t\t\t<div class=\"premium-blog-post-container premium-blog-skin-classic\">\r\n\t\t\t\t\t\t\t\t\t<div class=\"premium-blog-thumb-effect-wrapper\">\r\n\t\t\t\t\t\t<div class=\"premium-blog-thumbnail-container premium-blog-zoomin-effect\">\r\n\t\t\t\t\t\t\t<img decoding=\"async\" width=\"1060\" height=\"700\" src=\"https:\/\/metarh.com.br\/metarhnews\/wp-content\/uploads\/2026\/04\/Habilidades-valorizdas-empresa-2026.png\" class=\"attachment-full size-full wp-image-17174\" alt=\"\" srcset=\"https:\/\/metarh.com.br\/metarhnews\/wp-content\/uploads\/2026\/04\/Habilidades-valorizdas-empresa-2026.png 1060w, https:\/\/metarh.com.br\/metarhnews\/wp-content\/uploads\/2026\/04\/Habilidades-valorizdas-empresa-2026-300x198.png 300w, https:\/\/metarh.com.br\/metarhnews\/wp-content\/uploads\/2026\/04\/Habilidades-valorizdas-empresa-2026-1024x676.png 1024w, https:\/\/metarh.com.br\/metarhnews\/wp-content\/uploads\/2026\/04\/Habilidades-valorizdas-empresa-2026-768x507.png 768w\" sizes=\"(max-width: 1060px) 100vw, 1060px\" \/>\t\t\t\t\t\t<\/div>\r\n\t\t\t\t\t\t\t\t\t\t\t\t\t<div class=\"premium-blog-thumbnail-overlay\">\r\n\t\t\t\t\t\t\t\t<a class=\"elementor-icon\" href=\"https:\/\/metarh.com.br\/metarhnews\/habilidades-valorizadas-empresas-2026\/\" target=\"_blank\"><\/a>\r\n\t\t\t\t\t\t\t<\/div>\r\n\r\n\t\t\t\t\t\t\t\t\t\t\t\t\t\t\t\t\t\t<\/div>\r\n\t\t\t\t\t\t\t\t\t\t\t\t<div class=\"premium-blog-content-wrapper \">\r\n\r\n\t\t\t\t\t<div class=\"premium-blog-inner-container\">\r\n\r\n\t\t\t\t\t\t\t\t\t\t\t\t\t\t<h2 class=\"premium-blog-entry-title\">\r\n\t\t\t<a href=\"https:\/\/metarh.com.br\/metarhnews\/habilidades-valorizadas-empresas-2026\/\" target=\"_blank\">\r\n\t\t\t\tHabilidades valorizadas pelas empresas em 2026 e como desenvolv\u00ea-las\u00a0\t\t\t<\/a>\r\n\t\t<\/h2>\r\n\t\t\t\t<div class=\"premium-blog-entry-meta\">\r\n\t\t\t\r\n\t\t\t\t\t\t\t<span class=\"premium-blog-meta-separator\">\u2022<\/span>\r\n\t\t\t\t<div class=\"premium-blog-post-time premium-blog-meta-data\">\r\n\t\t\t\t\t<i class=\"fa fa-calendar-alt\" aria-hidden=\"true\"><\/i>\r\n\t\t\t\t\t<span>14 de abril de 2026<\/span>\r\n\t\t\t\t<\/div>\r\n\t\t\t\r\n\t\t\t\t\t\t\t<span class=\"premium-blog-meta-separator\">\u2022<\/span>\r\n\t\t\t\t<div class=\"premium-blog-post-categories premium-blog-meta-data\">\r\n\t\t\t\t\t<i class=\"fa fa-align-left fa-fw\" aria-hidden=\"true\"><\/i>\r\n\t\t\t\t\t<a href=\"https:\/\/metarh.com.br\/metarhnews\/category\/talent\/\" rel=\"category tag\">4 \u2022 Talent<\/a>, <a href=\"https:\/\/metarh.com.br\/metarhnews\/category\/carreira\/\" rel=\"category tag\">Carreira<\/a>, <a href=\"https:\/\/metarh.com.br\/metarhnews\/category\/descoberta-de-conteudos-de-rh\/\" rel=\"category tag\">Descoberta<\/a>, <a href=\"https:\/\/metarh.com.br\/metarhnews\/category\/dicas\/\" rel=\"category tag\">Dicas<\/a>, <a href=\"https:\/\/metarh.com.br\/metarhnews\/category\/materias\/\" rel=\"category tag\">Mat\u00e9rias<\/a>, <a href=\"https:\/\/metarh.com.br\/metarhnews\/category\/tendencias\/\" rel=\"category tag\">Tend\u00eancias<\/a>\t\t\t\t<\/div>\r\n\t\t\t\r\n\t\t\t\t\t<\/div>\r\n\t\t\r\n\t\t\t\t\t<\/div>\r\n\r\n\t\t\t\t\t\t\t<div class=\"premium-blog-content-inner-wrapper\">\r\n\t\t<p class=\"premium-blog-post-content\">De modo geral, as habilidades valorizadas pelas empresas mudam de tempos em tempos, conforme novas demandas surgem no mercado. Por isso, a \u2026<\/p>\t\t<\/div>\r\n\t\t\t\t\t\t\t\r\n\t\t\t\t<\/div>\r\n\t\t\t<\/div>\r\n\t\t<\/div>\r\n\r\n\t\t\t\t<\/div>\n\n\t\t\t\t\t\t<\/div>\n\t\t\t\t<\/div>\n\t\t\t\t<div class=\"elementor-element elementor-element-a053843 elementor-align-center elementor-widget elementor-widget-button\" data-id=\"a053843\" data-element_type=\"widget\" data-widget_type=\"button.default\">\n\t\t\t\t<div class=\"elementor-widget-container\">\n\t\t\t\t\t\t\t\t\t<div class=\"elementor-button-wrapper\">\n\t\t\t\t\t<a class=\"elementor-button elementor-button-link elementor-size-sm\" href=\"https:\/\/metarh.com.br\/metarhnews\/\" target=\"_blank\">\n\t\t\t\t\t\t<span class=\"elementor-button-content-wrapper\">\n\t\t\t\t\t\t\t\t\t<span class=\"elementor-button-text\">Veja mais<\/span>\n\t\t\t\t\t<\/span>\n\t\t\t\t\t<\/a>\n\t\t\t\t<\/div>\n\t\t\t\t\t\t\t\t<\/div>\n\t\t\t\t<\/div>\n\t\t\t\t\t<\/div>\n\t\t<\/div>\n\t\t\t\t\t<\/div>\n\t\t<\/section>\n\t\t\t\t<\/div>\n\t\t<div style=\"margin-top: 0px; margin-bottom: 0px;\" class=\"sharethis-inline-share-buttons\" ><\/div>","protected":false},"excerpt":{"rendered":"<p>Recrutamento tech: como solucionar o desafio da escassez de talentos \u2022 11 de junho de 2025 \u2022 Mat\u00e9rias, Tech N\u00e3o \u00e9 de hoje que os especialistas v\u00eam alertando sobre a escassez de profissionais de TI. Mas, \u00e0 medida que a transforma\u00e7\u00e3o \u2026 Tecnologia no RH: um novo olhar sobre a \u00e1rea de pessoas \u2022 2&#8230;<\/p>\n","protected":false},"author":1,"featured_media":0,"parent":0,"menu_order":0,"comment_status":"closed","ping_status":"closed","template":"elementor_canvas","meta":{"_kadence_starter_templates_imported_post":false,"_kad_post_transparent":"","_kad_post_title":"hide","_kad_post_layout":"fullwidth","_kad_post_sidebar_id":"","_kad_post_content_style":"unboxed","_kad_post_vertical_padding":"hide","_kad_post_feature":"hide","_kad_post_feature_position":"","_kad_post_header":false,"_kad_post_footer":false,"_kad_post_classname":"","footnotes":""},"class_list":["post-15121","page","type-page","status-publish","hentry"],"yoast_head":"<!-- This site is optimized with the Yoast SEO Premium plugin v26.6 (Yoast SEO v27.5) - https:\/\/yoast.com\/product\/yoast-seo-premium-wordpress\/ -->\n<title>Blog - METARH +News<\/title>\n<meta name=\"robots\" content=\"index, follow, max-snippet:-1, max-image-preview:large, max-video-preview:-1\" \/>\n<link rel=\"canonical\" href=\"https:\/\/metarh.com.br\/metarhnews\/blog\/\" \/>\n<meta property=\"og:locale\" content=\"pt_BR\" \/>\n<meta property=\"og:type\" content=\"article\" \/>\n<meta property=\"og:title\" content=\"Blog\" \/>\n<meta property=\"og:description\" content=\"Recrutamento tech: como solucionar o desafio da escassez de talentos \u2022 11 de junho de 2025 \u2022 Mat\u00e9rias, Tech N\u00e3o \u00e9 de hoje que os especialistas v\u00eam alertando sobre a escassez de profissionais de TI. Mas, \u00e0 medida que a transforma\u00e7\u00e3o \u2026 Tecnologia no RH: um novo olhar sobre a \u00e1rea de pessoas \u2022 2...\" \/>\n<meta property=\"og:url\" content=\"https:\/\/metarh.com.br\/metarhnews\/blog\/\" \/>\n<meta property=\"og:site_name\" content=\"METARH +News\" \/>\n<meta property=\"article:publisher\" content=\"https:\/\/www.facebook.com\/metarhumana\" \/>\n<meta property=\"article:modified_time\" content=\"2025-06-13T14:00:22+00:00\" \/>\n<meta property=\"og:image\" content=\"https:\/\/metarh.com.br\/metarhnews\/wp-content\/uploads\/2025\/04\/Capa-Artigo-Tech-Horizontal.png\" \/>\n\t<meta property=\"og:image:width\" content=\"1060\" \/>\n\t<meta property=\"og:image:height\" content=\"700\" \/>\n\t<meta property=\"og:image:type\" content=\"image\/png\" \/>\n<meta name=\"twitter:card\" content=\"summary_large_image\" \/>\n<meta name=\"twitter:site\" content=\"@metarhumana\" \/>\n<meta name=\"twitter:label1\" content=\"Est. tempo de leitura\" \/>\n\t<meta name=\"twitter:data1\" content=\"2 minutos\" \/>\n<script type=\"application\/ld+json\" class=\"yoast-schema-graph\">{\"@context\":\"https:\\\/\\\/schema.org\",\"@graph\":[{\"@type\":\"WebPage\",\"@id\":\"https:\\\/\\\/metarh.com.br\\\/metarhnews\\\/blog\\\/\",\"url\":\"https:\\\/\\\/metarh.com.br\\\/metarhnews\\\/blog\\\/\",\"name\":\"Blog - METARH +News\",\"isPartOf\":{\"@id\":\"https:\\\/\\\/metarh.com.br\\\/metarhnews\\\/#website\"},\"primaryImageOfPage\":{\"@id\":\"https:\\\/\\\/metarh.com.br\\\/metarhnews\\\/blog\\\/#primaryimage\"},\"image\":{\"@id\":\"https:\\\/\\\/metarh.com.br\\\/metarhnews\\\/blog\\\/#primaryimage\"},\"thumbnailUrl\":\"https:\\\/\\\/metarh.com.br\\\/metarhnews\\\/wp-content\\\/uploads\\\/2025\\\/04\\\/Capa-Artigo-Tech-Horizontal.png\",\"datePublished\":\"2023-05-15T20:39:06+00:00\",\"dateModified\":\"2025-06-13T14:00:22+00:00\",\"breadcrumb\":{\"@id\":\"https:\\\/\\\/metarh.com.br\\\/metarhnews\\\/blog\\\/#breadcrumb\"},\"inLanguage\":\"pt-BR\",\"potentialAction\":[{\"@type\":\"ReadAction\",\"target\":[\"https:\\\/\\\/metarh.com.br\\\/metarhnews\\\/blog\\\/\"]}]},{\"@type\":\"ImageObject\",\"inLanguage\":\"pt-BR\",\"@id\":\"https:\\\/\\\/metarh.com.br\\\/metarhnews\\\/blog\\\/#primaryimage\",\"url\":\"https:\\\/\\\/metarh.com.br\\\/metarhnews\\\/wp-content\\\/uploads\\\/2025\\\/04\\\/Capa-Artigo-Tech-Horizontal.png\",\"contentUrl\":\"https:\\\/\\\/metarh.com.br\\\/metarhnews\\\/wp-content\\\/uploads\\\/2025\\\/04\\\/Capa-Artigo-Tech-Horizontal.png\",\"width\":1060,\"height\":700,\"caption\":\"Recrutamento tech: como solucionar o desafio da escassez de talentos\"},{\"@type\":\"BreadcrumbList\",\"@id\":\"https:\\\/\\\/metarh.com.br\\\/metarhnews\\\/blog\\\/#breadcrumb\",\"itemListElement\":[{\"@type\":\"ListItem\",\"position\":1,\"name\":\"In\u00edcio\",\"item\":\"https:\\\/\\\/metarh.com.br\\\/metarhnews\\\/\"},{\"@type\":\"ListItem\",\"position\":2,\"name\":\"Blog\"}]},{\"@type\":\"WebSite\",\"@id\":\"https:\\\/\\\/metarh.com.br\\\/metarhnews\\\/#website\",\"url\":\"https:\\\/\\\/metarh.com.br\\\/metarhnews\\\/\",\"name\":\"METARH +News\",\"description\":\"Conte\u00fado focado em Gest\u00e3o de Pessoas\",\"publisher\":{\"@id\":\"https:\\\/\\\/metarh.com.br\\\/metarhnews\\\/#organization\"},\"potentialAction\":[{\"@type\":\"SearchAction\",\"target\":{\"@type\":\"EntryPoint\",\"urlTemplate\":\"https:\\\/\\\/metarh.com.br\\\/metarhnews\\\/?s={search_term_string}\"},\"query-input\":{\"@type\":\"PropertyValueSpecification\",\"valueRequired\":true,\"valueName\":\"search_term_string\"}}],\"inLanguage\":\"pt-BR\"},{\"@type\":\"Organization\",\"@id\":\"https:\\\/\\\/metarh.com.br\\\/metarhnews\\\/#organization\",\"name\":\"METARH +Humana\",\"url\":\"https:\\\/\\\/metarh.com.br\\\/metarhnews\\\/\",\"logo\":{\"@type\":\"ImageObject\",\"inLanguage\":\"pt-BR\",\"@id\":\"https:\\\/\\\/metarh.com.br\\\/metarhnews\\\/#\\\/schema\\\/logo\\\/image\\\/\",\"url\":\"https:\\\/\\\/metarh.com.br\\\/metarhnews\\\/wp-content\\\/uploads\\\/2025\\\/02\\\/METARH-Azul-Horizontal.png\",\"contentUrl\":\"https:\\\/\\\/metarh.com.br\\\/metarhnews\\\/wp-content\\\/uploads\\\/2025\\\/02\\\/METARH-Azul-Horizontal.png\",\"width\":1002,\"height\":303,\"caption\":\"METARH +Humana\"},\"image\":{\"@id\":\"https:\\\/\\\/metarh.com.br\\\/metarhnews\\\/#\\\/schema\\\/logo\\\/image\\\/\"},\"sameAs\":[\"https:\\\/\\\/www.facebook.com\\\/metarhumana\",\"https:\\\/\\\/x.com\\\/metarhumana\",\"https:\\\/\\\/www.instagram.com\\\/metarhumana\\\/\",\"https:\\\/\\\/www.youtube.com\\\/@metarhumana\"]}]}<\/script>\n<!-- \/ Yoast SEO Premium plugin. -->","yoast_head_json":{"title":"Blog - METARH +News","robots":{"index":"index","follow":"follow","max-snippet":"max-snippet:-1","max-image-preview":"max-image-preview:large","max-video-preview":"max-video-preview:-1"},"canonical":"https:\/\/metarh.com.br\/metarhnews\/blog\/","og_locale":"pt_BR","og_type":"article","og_title":"Blog","og_description":"Recrutamento tech: como solucionar o desafio da escassez de talentos \u2022 11 de junho de 2025 \u2022 Mat\u00e9rias, Tech N\u00e3o \u00e9 de hoje que os especialistas v\u00eam alertando sobre a escassez de profissionais de TI. Mas, \u00e0 medida que a transforma\u00e7\u00e3o \u2026 Tecnologia no RH: um novo olhar sobre a \u00e1rea de pessoas \u2022 2...","og_url":"https:\/\/metarh.com.br\/metarhnews\/blog\/","og_site_name":"METARH +News","article_publisher":"https:\/\/www.facebook.com\/metarhumana","article_modified_time":"2025-06-13T14:00:22+00:00","og_image":[{"width":1060,"height":700,"url":"https:\/\/metarh.com.br\/metarhnews\/wp-content\/uploads\/2025\/04\/Capa-Artigo-Tech-Horizontal.png","type":"image\/png"}],"twitter_card":"summary_large_image","twitter_site":"@metarhumana","twitter_misc":{"Est. tempo de leitura":"2 minutos"},"schema":{"@context":"https:\/\/schema.org","@graph":[{"@type":"WebPage","@id":"https:\/\/metarh.com.br\/metarhnews\/blog\/","url":"https:\/\/metarh.com.br\/metarhnews\/blog\/","name":"Blog - METARH +News","isPartOf":{"@id":"https:\/\/metarh.com.br\/metarhnews\/#website"},"primaryImageOfPage":{"@id":"https:\/\/metarh.com.br\/metarhnews\/blog\/#primaryimage"},"image":{"@id":"https:\/\/metarh.com.br\/metarhnews\/blog\/#primaryimage"},"thumbnailUrl":"https:\/\/metarh.com.br\/metarhnews\/wp-content\/uploads\/2025\/04\/Capa-Artigo-Tech-Horizontal.png","datePublished":"2023-05-15T20:39:06+00:00","dateModified":"2025-06-13T14:00:22+00:00","breadcrumb":{"@id":"https:\/\/metarh.com.br\/metarhnews\/blog\/#breadcrumb"},"inLanguage":"pt-BR","potentialAction":[{"@type":"ReadAction","target":["https:\/\/metarh.com.br\/metarhnews\/blog\/"]}]},{"@type":"ImageObject","inLanguage":"pt-BR","@id":"https:\/\/metarh.com.br\/metarhnews\/blog\/#primaryimage","url":"https:\/\/metarh.com.br\/metarhnews\/wp-content\/uploads\/2025\/04\/Capa-Artigo-Tech-Horizontal.png","contentUrl":"https:\/\/metarh.com.br\/metarhnews\/wp-content\/uploads\/2025\/04\/Capa-Artigo-Tech-Horizontal.png","width":1060,"height":700,"caption":"Recrutamento tech: como solucionar o desafio da escassez de talentos"},{"@type":"BreadcrumbList","@id":"https:\/\/metarh.com.br\/metarhnews\/blog\/#breadcrumb","itemListElement":[{"@type":"ListItem","position":1,"name":"In\u00edcio","item":"https:\/\/metarh.com.br\/metarhnews\/"},{"@type":"ListItem","position":2,"name":"Blog"}]},{"@type":"WebSite","@id":"https:\/\/metarh.com.br\/metarhnews\/#website","url":"https:\/\/metarh.com.br\/metarhnews\/","name":"METARH +News","description":"Conte\u00fado focado em Gest\u00e3o de Pessoas","publisher":{"@id":"https:\/\/metarh.com.br\/metarhnews\/#organization"},"potentialAction":[{"@type":"SearchAction","target":{"@type":"EntryPoint","urlTemplate":"https:\/\/metarh.com.br\/metarhnews\/?s={search_term_string}"},"query-input":{"@type":"PropertyValueSpecification","valueRequired":true,"valueName":"search_term_string"}}],"inLanguage":"pt-BR"},{"@type":"Organization","@id":"https:\/\/metarh.com.br\/metarhnews\/#organization","name":"METARH +Humana","url":"https:\/\/metarh.com.br\/metarhnews\/","logo":{"@type":"ImageObject","inLanguage":"pt-BR","@id":"https:\/\/metarh.com.br\/metarhnews\/#\/schema\/logo\/image\/","url":"https:\/\/metarh.com.br\/metarhnews\/wp-content\/uploads\/2025\/02\/METARH-Azul-Horizontal.png","contentUrl":"https:\/\/metarh.com.br\/metarhnews\/wp-content\/uploads\/2025\/02\/METARH-Azul-Horizontal.png","width":1002,"height":303,"caption":"METARH +Humana"},"image":{"@id":"https:\/\/metarh.com.br\/metarhnews\/#\/schema\/logo\/image\/"},"sameAs":["https:\/\/www.facebook.com\/metarhumana","https:\/\/x.com\/metarhumana","https:\/\/www.instagram.com\/metarhumana\/","https:\/\/www.youtube.com\/@metarhumana"]}]}},"_links":{"self":[{"href":"https:\/\/metarh.com.br\/metarhnews\/wp-json\/wp\/v2\/pages\/15121","targetHints":{"allow":["GET"]}}],"collection":[{"href":"https:\/\/metarh.com.br\/metarhnews\/wp-json\/wp\/v2\/pages"}],"about":[{"href":"https:\/\/metarh.com.br\/metarhnews\/wp-json\/wp\/v2\/types\/page"}],"author":[{"embeddable":true,"href":"https:\/\/metarh.com.br\/metarhnews\/wp-json\/wp\/v2\/users\/1"}],"replies":[{"embeddable":true,"href":"https:\/\/metarh.com.br\/metarhnews\/wp-json\/wp\/v2\/comments?post=15121"}],"version-history":[{"count":7,"href":"https:\/\/metarh.com.br\/metarhnews\/wp-json\/wp\/v2\/pages\/15121\/revisions"}],"predecessor-version":[{"id":16563,"href":"https:\/\/metarh.com.br\/metarhnews\/wp-json\/wp\/v2\/pages\/15121\/revisions\/16563"}],"wp:attachment":[{"href":"https:\/\/metarh.com.br\/metarhnews\/wp-json\/wp\/v2\/media?parent=15121"}],"curies":[{"name":"wp","href":"https:\/\/api.w.org\/{rel}","templated":true}]}}